{"id":55,"date":"2025-03-10T12:18:10","date_gmt":"2025-03-10T12:18:10","guid":{"rendered":"https:\/\/build-care.codip.tu-dresden.de\/?page_id=55"},"modified":"2026-02-11T14:18:40","modified_gmt":"2026-02-11T13:18:40","slug":"additional-resources","status":"publish","type":"page","link":"https:\/\/build-care.eu\/de\/additional-resources\/","title":{"rendered":"ZUS\u00c4TZLICHE RESSOURCEN"},"content":{"rendered":"<!--themify_builder_content-->\n<div id=\"themify_builder_content-55\" data-postid=\"55\" class=\"themify_builder_content themify_builder_content-55 themify_builder tf_clear\">\n                    <div  data-css_id=\"kpv1402\" data-lazy=\"1\" class=\"module_row themify_builder_row fullwidth tb_kpv1402 tb_first tf_w\">\n                        <div class=\"row_inner col_align_top tb_col_count_2 tf_box tf_rel\">\n                        <div  data-lazy=\"1\" class=\"module_column tb-column col4-2 tb_db1o402 first\">\n                    <!-- module text -->\n<div  class=\"module module-text tb_xl5h402\" data-lazy=\"1\">\n        <div  class=\"tb_text_wrap\">\n        <h1>Material &amp; Downloads<\/h1><h2 style=\"text-align: left;\"><span style=\"font-weight: normal;\">ERGEBNISSE VON BAUPROJEKTEN, EINBLICKE IN FAMILIEN, RELEVANTE ORGANISATIONEN, GESTALTUNGSHINWEISE UND MEHR<\/span><\/h2><p style=\"text-align: left; hyphens: auto;\"><span style=\"font-weight: normal;\">Im Laufe des BUILD CARE-Projekts haben wir eine Sammlung von Ressourcen f\u00fcr alle zusammengestellt, die Unterst\u00fctzung, Informationen oder praktische Anleitung zum Thema Schlaganfall im Kindesalter suchen. Diese Sammlung bringt <\/span><span style=\"font-weight: normal;\">BUILD CARE Projektergebnisse in verschiedenen Formaten (z. B. Pr\u00e4sentationen, Zeitschriftenartikel und Konferenzposter), Informationen \u00fcber wichtige Organisationen in den Bereichen Gesundheitsversorgung, Rehabilitation, Interessenvertretung und kommunale Unterst\u00fctzung sowie pers\u00f6nliche Berichte von Kindern, die einen Schlaganfall erlitten haben, und ihren Familien.\u00a0<\/span><span style=\"font-weight: normal;\">Diese Familienberichte bieten einen Einblick in das allt\u00e4gliche Leben mit Schlaganfall im Kindesalter sowie Informationen \u00fcber formelle Dienste und Unterst\u00fctzung. Zusammengenommen bilden diese Materialien eine umfassende Ressourcenbasis, die Familien, Praktiker, P\u00e4dagogen und Designer auf der Suche nach verl\u00e4sslichen Anlaufstellen, Erfahrungsperspektiven und Ansatzpunkten f\u00fcr weiteres Lernen unterst\u00fctzen kann.<\/span><\/p><p style=\"text-align: left; hyphens: auto;\"><span style=\"font-weight: normal;\">\u00a0<\/span><\/p><p style=\"text-align: left; hyphens: auto;\"><span style=\"font-weight: normal;\"> Verwenden Sie die unten stehenden Filter, um die ausgew\u00e4hlten Materialien zu durchsuchen. Unter Kategorie k\u00f6nnen Sie zwischen BUILD CARE-Projektergebnissen und anderen Sekund\u00e4rquellen w\u00e4hlen. Sie k\u00f6nnen auch nach Materialtyp, Sprache, Erscheinungsjahr und Verf\u00fcgbarkeit (Open Access oder nicht) filtern.<\/span><\/p><p style=\"text-align: left; hyphens: auto;\"><span style=\"font-weight: normal;\">\u00a0<\/span><\/p><div id=\"ConnectiveDocSignExtentionInstalled\" data-extension-version=\"1.0.4\">\u00a0<\/div>    <\/div>\n<\/div>\n<!-- \/module text -->        <\/div>\n                    <div  data-lazy=\"1\" class=\"module_column tb-column col4-2 tb_8u90402 last\">\n                    <!-- module image -->\n<div  class=\"module module-image tb_za6c402 image-left   tf_mw\" data-lazy=\"1\">\n        <div class=\"image-wrap tf_rel tf_mw\">\n            <img loading=\"lazy\" decoding=\"async\" src=\"https:\/\/build-care.codip.tu-dresden.de\/wp-content\/uploads\/2025\/07\/Puzzel-Material-und-Download-08.svg\" width=\"148\" height=\"210\" title=\"ZUS\u00c4TZLICHE RESSOURCEN\" alt=\"ZUS\u00c4TZLICHE RESSOURCEN\">    \n        <\/div>\n    <!-- \/image-wrap -->\n    \n        <\/div>\n<!-- \/module image -->        <\/div>\n                        <\/div>\n        <\/div>\n                        <div  data-css_id=\"mgdg432\" data-lazy=\"1\" class=\"module_row themify_builder_row fullwidth tb_mgdg432 tf_w\">\n                        <div class=\"row_inner col_align_top tb_col_count_1 tf_box tf_rel\">\n                        <div  data-lazy=\"1\" class=\"module_column tb-column col-full tb_qail432 first\">\n                    <!-- module plain text -->\n<div  class=\"module module-plain-text tb_qqud41\" data-lazy=\"1\">\n        <div class=\"tb_text_wrap\">\n    \n\n<div id=\"ymc-smart-filter-container-1\" \r\n\t\t\t\t  class=\"ymc-smart-filter-container ymc-filter-795 ymc-loaded-filter ymc-filter-layout3 ymc-post-layout3 ymc-pagination-numeric data-target-ymc795-1 data-target-ymc1\" data-loading=\"true\"\r\n\t\t\t\t  data-params='{\"cpt\":\"material\",\"tax\":\"bc_or_secondary,material_type,availability,language,year_of_publication\",\"terms\":\"29,15,31,26,34,32,30,24,19,27,8,7,6,4,12,5,37,22,25,17,21,23,16,18,11,10,9,20,35,36,33\",\"default_terms\":\"\",\"exclude_posts\":\"off\",\"choices_posts\":\"\",\"posts_selected\":\"all\",\"preloader_icon\":\"preloader_1\",\"type_pg\":\"numeric\",\"per_page\":\"100\",\"page\":\"1\",\"page_scroll\":\"1\",\"preloader_filters\":\"none\",\"preloader_filters_rate\":\"0.5\",\"preloader_filters_custom\":\"\",\"post_animation\":\"\",\"popup_animation\":\"normal\",\"letter\":\"\",\"post_layout\":\"post-layout3\",\"filter_layout\":\"filter-layout3\",\"filter_id\":\"795\",\"search\":\"\",\"search_filtered_posts\":\"0\",\"carousel_params\":&quot;&quot;,\"filter_date\":\"\",\"sort_order\":\"\",\"sort_orderby\":\"\",\"meta_key\":\"\",\"meta_query\":\"\",\"date_query\":\"\",\"data_target\":\"data-target-ymc1\",\"target_id\":\"1\",\"page_id\":\"0\"}'>\n<div id=\"search-layout\" class=\"search-layout\">\n\n    <form class=\"search-form\" action=\"\">\n\n        <div class=\"form-inner\">\n\n            <div class=\"component-input\">\n                <input id=\"field-search\" class=\"search-form__input field-search\" type=\"text\" name=\"search\" autocomplete=\"off\" value=\"\" placeholder=\"Beitr\u00e4ge suchen...\">\n                <ul class=\"autocomplete-results results\"><\/ul>\n                <span class=\"clear\"><i class=\"fas fa-times\"><\/i><\/span>\n            <\/div>\n\n            <button class=\"search-form__submit btn-submit\" type=\"submit\">\n                Suche            <\/button>\n\n        <\/div>\n\n    <input type=\"hidden\" name=\"trp-form-language\" value=\"de\"\/><\/form>\n\n<\/div>\n\n\n\n\n\n\n\n\n\r\n<div id=\"filter-layout3-1\" class=\"filter-layout filter-layout3\tfilter-layout3-795 filter-layout3-795-1\">\r\n\r\n\t\r\n\t\r\n    <div class=\"filter-entry\" data-terms=\"29,15,31,26,34,32,30,24,19,27,8,7,6,4,12,5,37,22,25,17,21,23,16,18,11,10,9,20,35,36,33\">\r\n\r\n\t\t<a class=\"btn-all\" aria-label=\"Alle\" role=\"button\" data-selected=\"all\" data-terms=\"29,15,31,26,34,32,30,24,19,27,8,7,6,4,12,5,37,22,25,17,21,23,16,18,11,10,9,20,35,36,33\">Alle<\/a><div class=\"dropdown-filter tax-bc_or_secondary\"><div class=\"menu-active\" style=\"\"><span class=\"original-tax-name\" data-original-tax-name=\"Category\">Kategorie<\/span> <i class=\"arrow down\"><\/i><\/div><div class=\"menu-passive\"><i class=\"btn-close\">x<\/i><div class=\"menu-passive__item item-build-care left-icon\">\r\n\t\t\t\t\t\t\t  <div class=\"link-inner\"><a class=\"menu-link\" style=\"\" \r\n                              aria-label=\"Build Care\" role=\"link\" data-selected=\"build-care\" data-termid=\"29\" data-name=\"Build Care\">Build Care <span class=\"count\">14<\/span><\/a><\/div><\/div><div class=\"menu-passive__item item-secondary-source left-icon\">\r\n\t\t\t\t\t\t\t  <div class=\"link-inner\"><a class=\"menu-link\" style=\"\" \r\n                              aria-label=\"Sekund\u00e4re Quelle\" role=\"link\" data-selected=\"secondary-source\" data-termid=\"15\" data-name=\"Secondary Source\">Sekund\u00e4re Quelle <span class=\"count\">66<\/span><\/a><\/div><\/div><\/div><\/div><div class=\"dropdown-filter tax-material_type\"><div class=\"menu-active\" style=\"\"><span class=\"original-tax-name\" data-original-tax-name=\"Types of material\">Medientyp<\/span> <i class=\"arrow down\"><\/i><\/div><div class=\"menu-passive\"><i class=\"btn-close\">x<\/i><div class=\"menu-passive__item item-book left-icon\">\r\n\t\t\t\t\t\t\t  <div class=\"link-inner\"><a class=\"menu-link\" style=\"\" \r\n                              aria-label=\"Buch\" role=\"link\" data-selected=\"book\" data-termid=\"31\" data-name=\"Book\">Buch <span class=\"count\">17<\/span><\/a><\/div><\/div><div class=\"menu-passive__item item-organization left-icon\">\r\n\t\t\t\t\t\t\t  <div class=\"link-inner\"><a class=\"menu-link\" style=\"\" \r\n                              aria-label=\"Organisationen\" role=\"link\" data-selected=\"organization\" data-termid=\"26\" data-name=\"Organization\">Organisationen <span class=\"count\">9<\/span><\/a><\/div><\/div><div class=\"menu-passive__item item-paper left-icon\">\r\n\t\t\t\t\t\t\t  <div class=\"link-inner\"><a class=\"menu-link\" style=\"\" \r\n                              aria-label=\"Forschungsartikel\" role=\"link\" data-selected=\"paper\" data-termid=\"34\" data-name=\"Paper\">Forschungsartikel <span class=\"count\">7<\/span><\/a><\/div><\/div><div class=\"menu-passive__item item-podcast left-icon\">\r\n\t\t\t\t\t\t\t  <div class=\"link-inner\"><a class=\"menu-link\" style=\"\" \r\n                              aria-label=\"Podcast\" role=\"link\" data-selected=\"podcast\" data-termid=\"32\" data-name=\"Podcast\">Podcast <span class=\"count\">4<\/span><\/a><\/div><\/div><div class=\"menu-passive__item item-poster left-icon\">\r\n\t\t\t\t\t\t\t  <div class=\"link-inner\"><a class=\"menu-link\" style=\"\" \r\n                              aria-label=\"Poster\" role=\"link\" data-selected=\"poster\" data-termid=\"30\" data-name=\"Poster\">Poster <span class=\"count\">2<\/span><\/a><\/div><\/div><div class=\"menu-passive__item item-presentation left-icon\">\r\n\t\t\t\t\t\t\t  <div class=\"link-inner\"><a class=\"menu-link\" style=\"\" \r\n                              aria-label=\"Pr\u00e4sentation\" role=\"link\" data-selected=\"presentation\" data-termid=\"24\" data-name=\"Presentation\">Pr\u00e4sentation <span class=\"count\">5<\/span><\/a><\/div><\/div><div class=\"menu-passive__item item-video left-icon\">\r\n\t\t\t\t\t\t\t  <div class=\"link-inner\"><a class=\"menu-link\" style=\"\" \r\n                              aria-label=\"Video\" role=\"link\" data-selected=\"video\" data-termid=\"19\" data-name=\"Video\">Video <span class=\"count\">32<\/span><\/a><\/div><\/div><div class=\"menu-passive__item item-website left-icon\">\r\n\t\t\t\t\t\t\t  <div class=\"link-inner\"><a class=\"menu-link\" style=\"\" \r\n                              aria-label=\"Webseite\" role=\"link\" data-selected=\"website\" data-termid=\"27\" data-name=\"Website\">Webseite <span class=\"count\">11<\/span><\/a><\/div><\/div><\/div><\/div><div class=\"dropdown-filter tax-availability\"><div class=\"menu-active\" style=\"\"><span class=\"original-tax-name\" data-original-tax-name=\"Availability\">Verf\u00fcgbarkeit<\/span> <i class=\"arrow down\"><\/i><\/div><div class=\"menu-passive\"><i class=\"btn-close\">x<\/i><div class=\"menu-passive__item item-access-necessary left-icon\">\r\n\t\t\t\t\t\t\t  <div class=\"link-inner\"><a class=\"menu-link\" style=\"\" \r\n                              aria-label=\"Eingeschr\u00e4nkter Zugang\" role=\"link\" data-selected=\"access-necessary\" data-termid=\"8\" data-name=\"Access Necessary\">Eingeschr\u00e4nkter Zugang <span class=\"count\">20<\/span><\/a><\/div><\/div><div class=\"menu-passive__item item-open-source left-icon\">\r\n\t\t\t\t\t\t\t  <div class=\"link-inner\"><a class=\"menu-link\" style=\"\" \r\n                              aria-label=\"Freier Zugang\" role=\"link\" data-selected=\"open-source\" data-termid=\"7\" data-name=\"Open Source\">Freier Zugang <span class=\"count\">61<\/span><\/a><\/div><\/div><\/div><\/div><div class=\"dropdown-filter tax-language\"><div class=\"menu-active\" style=\"\"><span class=\"original-tax-name\" data-original-tax-name=\"Languages\">Sprachen<\/span> <i class=\"arrow down\"><\/i><\/div><div class=\"menu-passive\"><i class=\"btn-close\">x<\/i><div class=\"menu-passive__item item-dutch left-icon\">\r\n\t\t\t\t\t\t\t  <div class=\"link-inner\"><a class=\"menu-link\" style=\"\" \r\n                              aria-label=\"Niederl\u00e4ndisch\" role=\"link\" data-selected=\"dutch\" data-termid=\"6\" data-name=\"Dutch\">Niederl\u00e4ndisch <span class=\"count\">1<\/span><\/a><\/div><\/div><div class=\"menu-passive__item item-english left-icon\">\r\n\t\t\t\t\t\t\t  <div class=\"link-inner\"><a class=\"menu-link\" style=\"\" \r\n                              aria-label=\"Englisch\" role=\"link\" data-selected=\"english\" data-termid=\"4\" data-name=\"English\">Englisch <span class=\"count\">58<\/span><\/a><\/div><\/div><div class=\"menu-passive__item item-french left-icon\">\r\n\t\t\t\t\t\t\t  <div class=\"link-inner\"><a class=\"menu-link isDisabled\" style=\"\" \r\n                              aria-label=\"Franz\u00f6sisch\" role=\"link\" data-selected=\"french\" data-termid=\"12\" data-name=\"French\">Franz\u00f6sisch <span class=\"count\">0<\/span><\/a><\/div><\/div><div class=\"menu-passive__item item-german left-icon\">\r\n\t\t\t\t\t\t\t  <div class=\"link-inner\"><a class=\"menu-link\" style=\"\" \r\n                              aria-label=\"Deutsch\" role=\"link\" data-selected=\"german\" data-termid=\"5\" data-name=\"German\">Deutsch <span class=\"count\">24<\/span><\/a><\/div><\/div><div class=\"menu-passive__item item-italian left-icon\">\r\n\t\t\t\t\t\t\t  <div class=\"link-inner\"><a class=\"menu-link\" style=\"\" \r\n                              aria-label=\"Italienisch\" role=\"link\" data-selected=\"italian\" data-termid=\"37\" data-name=\"Italian\">Italienisch <span class=\"count\">2<\/span><\/a><\/div><\/div><\/div><\/div><div class=\"dropdown-filter tax-year_of_publication\"><div class=\"menu-active\" style=\"\"><span class=\"original-tax-name\" data-original-tax-name=\"Year of Publication\">Erscheinungsjahr<\/span> <i class=\"arrow down\"><\/i><\/div><div class=\"menu-passive\"><i class=\"btn-close\">x<\/i><div class=\"menu-passive__item item-2011 left-icon\">\r\n\t\t\t\t\t\t\t  <div class=\"link-inner\"><a class=\"menu-link\" style=\"\" \r\n                              aria-label=\"2011\" role=\"link\" data-selected=\"2011\" data-termid=\"22\" data-name=\"2011\">2011 <span class=\"count\">3<\/span><\/a><\/div><\/div><div class=\"menu-passive__item item-2013 left-icon\">\r\n\t\t\t\t\t\t\t  <div class=\"link-inner\"><a class=\"menu-link\" style=\"\" \r\n                              aria-label=\"2013\" role=\"link\" data-selected=\"2013\" data-termid=\"25\" data-name=\"2013\">2013 <span class=\"count\">4<\/span><\/a><\/div><\/div><div class=\"menu-passive__item item-2014 left-icon\">\r\n\t\t\t\t\t\t\t  <div class=\"link-inner\"><a class=\"menu-link\" style=\"\" \r\n                              aria-label=\"2014\" role=\"link\" data-selected=\"2014\" data-termid=\"17\" data-name=\"2014\">2014 <span class=\"count\">6<\/span><\/a><\/div><\/div><div class=\"menu-passive__item item-2015 left-icon\">\r\n\t\t\t\t\t\t\t  <div class=\"link-inner\"><a class=\"menu-link\" style=\"\" \r\n                              aria-label=\"2015\" role=\"link\" data-selected=\"2015\" data-termid=\"21\" data-name=\"2015\">2015 <span class=\"count\">8<\/span><\/a><\/div><\/div><div class=\"menu-passive__item item-2016 left-icon\">\r\n\t\t\t\t\t\t\t  <div class=\"link-inner\"><a class=\"menu-link\" style=\"\" \r\n                              aria-label=\"2016\" role=\"link\" data-selected=\"2016\" data-termid=\"23\" data-name=\"2016\">2016 <span class=\"count\">1<\/span><\/a><\/div><\/div><div class=\"menu-passive__item item-2017 left-icon\">\r\n\t\t\t\t\t\t\t  <div class=\"link-inner\"><a class=\"menu-link\" style=\"\" \r\n                              aria-label=\"2017\" role=\"link\" data-selected=\"2017\" data-termid=\"16\" data-name=\"2017\">2017 <span class=\"count\">5<\/span><\/a><\/div><\/div><div class=\"menu-passive__item item-2018 left-icon\">\r\n\t\t\t\t\t\t\t  <div class=\"link-inner\"><a class=\"menu-link\" style=\"\" \r\n                              aria-label=\"2018\" role=\"link\" data-selected=\"2018\" data-termid=\"18\" data-name=\"2018\">2018 <span class=\"count\">5<\/span><\/a><\/div><\/div><div class=\"menu-passive__item item-2019 left-icon\">\r\n\t\t\t\t\t\t\t  <div class=\"link-inner\"><a class=\"menu-link\" style=\"\" \r\n                              aria-label=\"2019\" role=\"link\" data-selected=\"2019\" data-termid=\"11\" data-name=\"2019\">2019 <span class=\"count\">4<\/span><\/a><\/div><\/div><div class=\"menu-passive__item item-2020 left-icon\">\r\n\t\t\t\t\t\t\t  <div class=\"link-inner\"><a class=\"menu-link\" style=\"\" \r\n                              aria-label=\"2020\" role=\"link\" data-selected=\"2020\" data-termid=\"10\" data-name=\"2020\">2020 <span class=\"count\">7<\/span><\/a><\/div><\/div><div class=\"menu-passive__item item-2021 left-icon\">\r\n\t\t\t\t\t\t\t  <div class=\"link-inner\"><a class=\"menu-link\" style=\"\" \r\n                              aria-label=\"2021\" role=\"link\" data-selected=\"2021\" data-termid=\"9\" data-name=\"2021\">2021 <span class=\"count\">3<\/span><\/a><\/div><\/div><div class=\"menu-passive__item item-2022 left-icon\">\r\n\t\t\t\t\t\t\t  <div class=\"link-inner\"><a class=\"menu-link\" style=\"\" \r\n                              aria-label=\"2022\" role=\"link\" data-selected=\"2022\" data-termid=\"20\" data-name=\"2022\">2022 <span class=\"count\">6<\/span><\/a><\/div><\/div><div class=\"menu-passive__item item-2023 left-icon\">\r\n\t\t\t\t\t\t\t  <div class=\"link-inner\"><a class=\"menu-link\" style=\"\" \r\n                              aria-label=\"2023\" role=\"link\" data-selected=\"2023\" data-termid=\"35\" data-name=\"2023\">2023 <span class=\"count\">6<\/span><\/a><\/div><\/div><div class=\"menu-passive__item item-2024 left-icon\">\r\n\t\t\t\t\t\t\t  <div class=\"link-inner\"><a class=\"menu-link\" style=\"\" \r\n                              aria-label=\"2024\" role=\"link\" data-selected=\"2024\" data-termid=\"36\" data-name=\"2024\">2024 <span class=\"count\">8<\/span><\/a><\/div><\/div><div class=\"menu-passive__item item-2025 left-icon\">\r\n\t\t\t\t\t\t\t  <div class=\"link-inner\"><a class=\"menu-link\" style=\"\" \r\n                              aria-label=\"2025\" role=\"link\" data-selected=\"2025\" data-termid=\"33\" data-name=\"2025\">2025 <span class=\"count\">8<\/span><\/a><\/div><\/div><\/div><\/div>\r\n        <div class=\"selected-items\"><\/div>\r\n\r\n\t<\/div>\r\n\r\n    <div class=\"posts-found\"><\/div>\r\n\r\n    \r\n\t\r\n<\/div>\r\n\r\n\r\n<div class=\"container-posts container-post-layout3\"><div class=\"post-entry  post-layout3 post-layout3-795 post-layout3-795-1\"><\/div><\/div><\/div>    <\/div>\n<\/div>\n<!-- \/module plain text -->        <\/div>\n                        <\/div>\n        <\/div>\n        <\/div>\n<!--\/themify_builder_content-->\n<p>&nbsp;<\/p>\n<div id=\"ConnectiveDocSignExtentionInstalled\" data-extension-version=\"1.0.4\"><\/div>","protected":false},"excerpt":{"rendered":"<p>Material &amp; Downloads BUILD CARE PROJECT OUTPUT, FAMILY INSIGHTS, RELEVANT ORGANISATIONS, DESIGN GUIDANCE AND MORE Im Laufe des BUILD CARE-Projekts haben wir eine Sammlung von Ressourcen f\u00fcr alle zusammengestellt, die Unterst\u00fctzung, Informationen oder praktische Anleitungen zum Thema Schlaganfall im Kindesalter suchen. In dieser Sammlung sind die Ergebnisse des BUILD CARE-Projekts in verschiedenen Formaten zusammengefasst (z. B. Pr\u00e4sentationen, Zeitschriften<a class=\"more-link\" href=\"https:\/\/build-care.eu\/de\/additional-resources\/\"><span class=\"screen-reader-text\">\u201cZUS\u00c4TZLICHE RESSOURCEN\u201d<\/span> weiterlesen<\/a><\/p>","protected":false},"author":2,"featured_media":0,"parent":0,"menu_order":0,"comment_status":"closed","ping_status":"closed","template":"","meta":{"footnotes":""},"class_list":["post-55","page","type-page","status-publish","hentry","entry"],"_links":{"self":[{"href":"https:\/\/build-care.eu\/de\/wp-json\/wp\/v2\/pages\/55","targetHints":{"allow":["GET"]}}],"collection":[{"href":"https:\/\/build-care.eu\/de\/wp-json\/wp\/v2\/pages"}],"about":[{"href":"https:\/\/build-care.eu\/de\/wp-json\/wp\/v2\/types\/page"}],"author":[{"embeddable":true,"href":"https:\/\/build-care.eu\/de\/wp-json\/wp\/v2\/users\/2"}],"replies":[{"embeddable":true,"href":"https:\/\/build-care.eu\/de\/wp-json\/wp\/v2\/comments?post=55"}],"version-history":[{"count":328,"href":"https:\/\/build-care.eu\/de\/wp-json\/wp\/v2\/pages\/55\/revisions"}],"predecessor-version":[{"id":10860,"href":"https:\/\/build-care.eu\/de\/wp-json\/wp\/v2\/pages\/55\/revisions\/10860"}],"wp:attachment":[{"href":"https:\/\/build-care.eu\/de\/wp-json\/wp\/v2\/media?parent=55"}],"curies":[{"name":"wp","href":"https:\/\/api.w.org\/{rel}","templated":true}]}}